{"id":43,"date":"2025-10-25T18:54:10","date_gmt":"2025-10-25T16:54:10","guid":{"rendered":"https:\/\/artesaniaolmedo.com\/?post_type=product&#038;p=43"},"modified":"2026-03-09T22:33:25","modified_gmt":"2026-03-09T21:33:25","slug":"moneda-virgen-del-rocio","status":"publish","type":"product","link":"https:\/\/artesaniaolmedo.com\/?product=moneda-virgen-del-rocio","title":{"rendered":"Moneda Virgen del Roc\u00edo"},"content":{"rendered":"<p>Moneda con la imagen de la virgen del Roc\u00edo tallada a l\u00e1ser en relieve. Personalizable en su reverso.<\/p>\n<p>Sorprende a alguien con un detalle muy especial.<\/p>\n","protected":false},"excerpt":{"rendered":"<p>Moneda con la imagen de la virgen del Roc\u00edo tallada a l\u00e1ser en relieve. Personalizable en su anverso.<\/p>\n<p>Sorprende a alguien con un detalle muy especial.<\/p>\n","protected":false},"featured_media":44,"comment_status":"open","ping_status":"closed","template":"","meta":[],"product_brand":[],"product_cat":[26],"product_tag":[22,29],"class_list":{"0":"post-43","1":"product","2":"type-product","3":"status-publish","4":"has-post-thumbnail","6":"product_cat-monedas","7":"product_tag-laser","8":"product_tag-monedas","9":"pa_color-dorado","10":"pa_material-laton-macizo","12":"first","13":"instock","14":"featured","15":"shipping-taxable","16":"purchasable","17":"product-type-simple"},"yoast_head":"<!-- This site is optimized with the Yoast SEO plugin v27.2 - https:\/\/yoast.com\/product\/yoast-seo-wordpress\/ -->\n<title>Moneda Virgen del Roc\u00edo - Artesan\u00eda Olmedo<\/title>\n<meta name=\"robots\" content=\"index, follow, max-snippet:-1, max-image-preview:large, max-video-preview:-1\" \/>\n<link rel=\"canonical\" href=\"https:\/\/artesaniaolmedo.com\/?product=moneda-virgen-del-rocio\" \/>\n<script type=\"application\/ld+json\" class=\"yoast-schema-graph\">{\"@context\":\"https:\/\/schema.org\",\"@graph\":[{\"@type\":\"WebPage\",\"@id\":\"https:\/\/artesaniaolmedo.com\/?product=moneda-virgen-del-rocio\",\"url\":\"https:\/\/artesaniaolmedo.com\/?product=moneda-virgen-del-rocio\",\"name\":\"Moneda Virgen del Roc\u00edo - Artesan\u00eda Olmedo\",\"isPartOf\":{\"@id\":\"https:\/\/artesaniaolmedo.com\/#website\"},\"primaryImageOfPage\":{\"@id\":\"https:\/\/artesaniaolmedo.com\/?product=moneda-virgen-del-rocio#primaryimage\"},\"image\":{\"@id\":\"https:\/\/artesaniaolmedo.com\/?product=moneda-virgen-del-rocio#primaryimage\"},\"thumbnailUrl\":\"https:\/\/artesaniaolmedo.com\/wp-content\/uploads\/2025\/10\/Anverso.jpg\",\"datePublished\":\"2025-10-25T16:54:10+00:00\",\"dateModified\":\"2026-03-09T21:33:25+00:00\",\"breadcrumb\":{\"@id\":\"https:\/\/artesaniaolmedo.com\/?product=moneda-virgen-del-rocio#breadcrumb\"},\"inLanguage\":\"es\",\"potentialAction\":[{\"@type\":\"ReadAction\",\"target\":[\"https:\/\/artesaniaolmedo.com\/?product=moneda-virgen-del-rocio\"]}]},{\"@type\":\"ImageObject\",\"inLanguage\":\"es\",\"@id\":\"https:\/\/artesaniaolmedo.com\/?product=moneda-virgen-del-rocio#primaryimage\",\"url\":\"https:\/\/artesaniaolmedo.com\/wp-content\/uploads\/2025\/10\/Anverso.jpg\",\"contentUrl\":\"https:\/\/artesaniaolmedo.com\/wp-content\/uploads\/2025\/10\/Anverso.jpg\",\"width\":600,\"height\":600},{\"@type\":\"BreadcrumbList\",\"@id\":\"https:\/\/artesaniaolmedo.com\/?product=moneda-virgen-del-rocio#breadcrumb\",\"itemListElement\":[{\"@type\":\"ListItem\",\"position\":1,\"name\":\"Portada\",\"item\":\"https:\/\/artesaniaolmedo.com\/\"},{\"@type\":\"ListItem\",\"position\":2,\"name\":\"Tienda\",\"item\":\"https:\/\/artesaniaolmedo.com\/?page_id=7\"},{\"@type\":\"ListItem\",\"position\":3,\"name\":\"Moneda Virgen del Roc\u00edo\"}]},{\"@type\":\"WebSite\",\"@id\":\"https:\/\/artesaniaolmedo.com\/#website\",\"url\":\"https:\/\/artesaniaolmedo.com\/\",\"name\":\"Artesan\u00eda Olmedo\",\"description\":\"\",\"publisher\":{\"@id\":\"https:\/\/artesaniaolmedo.com\/#organization\"},\"potentialAction\":[{\"@type\":\"SearchAction\",\"target\":{\"@type\":\"EntryPoint\",\"urlTemplate\":\"https:\/\/artesaniaolmedo.com\/?s={search_term_string}\"},\"query-input\":{\"@type\":\"PropertyValueSpecification\",\"valueRequired\":true,\"valueName\":\"search_term_string\"}}],\"inLanguage\":\"es\"},{\"@type\":\"Organization\",\"@id\":\"https:\/\/artesaniaolmedo.com\/#organization\",\"name\":\"Artesan\u00eda Olmedo\",\"url\":\"https:\/\/artesaniaolmedo.com\/\",\"logo\":{\"@type\":\"ImageObject\",\"inLanguage\":\"es\",\"@id\":\"https:\/\/artesaniaolmedo.com\/#\/schema\/logo\/image\/\",\"url\":\"http:\/\/artesaniaolmedo.com\/wp-content\/uploads\/2025\/11\/cropped-logo.png\",\"contentUrl\":\"http:\/\/artesaniaolmedo.com\/wp-content\/uploads\/2025\/11\/cropped-logo.png\",\"width\":512,\"height\":512,\"caption\":\"Artesan\u00eda Olmedo\"},\"image\":{\"@id\":\"https:\/\/artesaniaolmedo.com\/#\/schema\/logo\/image\/\"},\"sameAs\":[\"https:\/\/www.instagram.com\/artesaniaolmedo\/\",\"https:\/\/www.tiktok.com\/@artesaniaolmedo\"]}]}<\/script>\n<!-- \/ Yoast SEO plugin. -->","yoast_head_json":{"title":"Moneda Virgen del Roc\u00edo - Artesan\u00eda Olmedo","robots":{"index":"index","follow":"follow","max-snippet":"max-snippet:-1","max-image-preview":"max-image-preview:large","max-video-preview":"max-video-preview:-1"},"canonical":"https:\/\/artesaniaolmedo.com\/?product=moneda-virgen-del-rocio","schema":{"@context":"https:\/\/schema.org","@graph":[{"@type":"WebPage","@id":"https:\/\/artesaniaolmedo.com\/?product=moneda-virgen-del-rocio","url":"https:\/\/artesaniaolmedo.com\/?product=moneda-virgen-del-rocio","name":"Moneda Virgen del Roc\u00edo - Artesan\u00eda Olmedo","isPartOf":{"@id":"https:\/\/artesaniaolmedo.com\/#website"},"primaryImageOfPage":{"@id":"https:\/\/artesaniaolmedo.com\/?product=moneda-virgen-del-rocio#primaryimage"},"image":{"@id":"https:\/\/artesaniaolmedo.com\/?product=moneda-virgen-del-rocio#primaryimage"},"thumbnailUrl":"https:\/\/artesaniaolmedo.com\/wp-content\/uploads\/2025\/10\/Anverso.jpg","datePublished":"2025-10-25T16:54:10+00:00","dateModified":"2026-03-09T21:33:25+00:00","breadcrumb":{"@id":"https:\/\/artesaniaolmedo.com\/?product=moneda-virgen-del-rocio#breadcrumb"},"inLanguage":"es","potentialAction":[{"@type":"ReadAction","target":["https:\/\/artesaniaolmedo.com\/?product=moneda-virgen-del-rocio"]}]},{"@type":"ImageObject","inLanguage":"es","@id":"https:\/\/artesaniaolmedo.com\/?product=moneda-virgen-del-rocio#primaryimage","url":"https:\/\/artesaniaolmedo.com\/wp-content\/uploads\/2025\/10\/Anverso.jpg","contentUrl":"https:\/\/artesaniaolmedo.com\/wp-content\/uploads\/2025\/10\/Anverso.jpg","width":600,"height":600},{"@type":"BreadcrumbList","@id":"https:\/\/artesaniaolmedo.com\/?product=moneda-virgen-del-rocio#breadcrumb","itemListElement":[{"@type":"ListItem","position":1,"name":"Portada","item":"https:\/\/artesaniaolmedo.com\/"},{"@type":"ListItem","position":2,"name":"Tienda","item":"https:\/\/artesaniaolmedo.com\/?page_id=7"},{"@type":"ListItem","position":3,"name":"Moneda Virgen del Roc\u00edo"}]},{"@type":"WebSite","@id":"https:\/\/artesaniaolmedo.com\/#website","url":"https:\/\/artesaniaolmedo.com\/","name":"Artesan\u00eda Olmedo","description":"","publisher":{"@id":"https:\/\/artesaniaolmedo.com\/#organization"},"potentialAction":[{"@type":"SearchAction","target":{"@type":"EntryPoint","urlTemplate":"https:\/\/artesaniaolmedo.com\/?s={search_term_string}"},"query-input":{"@type":"PropertyValueSpecification","valueRequired":true,"valueName":"search_term_string"}}],"inLanguage":"es"},{"@type":"Organization","@id":"https:\/\/artesaniaolmedo.com\/#organization","name":"Artesan\u00eda Olmedo","url":"https:\/\/artesaniaolmedo.com\/","logo":{"@type":"ImageObject","inLanguage":"es","@id":"https:\/\/artesaniaolmedo.com\/#\/schema\/logo\/image\/","url":"http:\/\/artesaniaolmedo.com\/wp-content\/uploads\/2025\/11\/cropped-logo.png","contentUrl":"http:\/\/artesaniaolmedo.com\/wp-content\/uploads\/2025\/11\/cropped-logo.png","width":512,"height":512,"caption":"Artesan\u00eda Olmedo"},"image":{"@id":"https:\/\/artesaniaolmedo.com\/#\/schema\/logo\/image\/"},"sameAs":["https:\/\/www.instagram.com\/artesaniaolmedo\/","https:\/\/www.tiktok.com\/@artesaniaolmedo"]}]}},"_links":{"self":[{"href":"https:\/\/artesaniaolmedo.com\/index.php?rest_route=\/wp\/v2\/product\/43","targetHints":{"allow":["GET"]}}],"collection":[{"href":"https:\/\/artesaniaolmedo.com\/index.php?rest_route=\/wp\/v2\/product"}],"about":[{"href":"https:\/\/artesaniaolmedo.com\/index.php?rest_route=\/wp\/v2\/types\/product"}],"replies":[{"embeddable":true,"href":"https:\/\/artesaniaolmedo.com\/index.php?rest_route=%2Fwp%2Fv2%2Fcomments&post=43"}],"wp:featuredmedia":[{"embeddable":true,"href":"https:\/\/artesaniaolmedo.com\/index.php?rest_route=\/wp\/v2\/media\/44"}],"wp:attachment":[{"href":"https:\/\/artesaniaolmedo.com\/index.php?rest_route=%2Fwp%2Fv2%2Fmedia&parent=43"}],"wp:term":[{"taxonomy":"product_brand","embeddable":true,"href":"https:\/\/artesaniaolmedo.com\/index.php?rest_route=%2Fwp%2Fv2%2Fproduct_brand&post=43"},{"taxonomy":"product_cat","embeddable":true,"href":"https:\/\/artesaniaolmedo.com\/index.php?rest_route=%2Fwp%2Fv2%2Fproduct_cat&post=43"},{"taxonomy":"product_tag","embeddable":true,"href":"https:\/\/artesaniaolmedo.com\/index.php?rest_route=%2Fwp%2Fv2%2Fproduct_tag&post=43"}],"curies":[{"name":"wp","href":"https:\/\/api.w.org\/{rel}","templated":true}]}}