{"id":237,"date":"2025-10-26T21:54:14","date_gmt":"2025-10-26T19:54:14","guid":{"rendered":"https:\/\/artesaniaolmedo.com\/?post_type=product&#038;p=237"},"modified":"2025-11-14T01:08:18","modified_gmt":"2025-11-13T23:08:18","slug":"navaja-mod-nacar","status":"publish","type":"product","link":"https:\/\/artesaniaolmedo.com\/?product=navaja-mod-nacar","title":{"rendered":"Navaja Mod. N\u00e1car"},"content":{"rendered":"<p>Pieza \u00fanica. Solo una unidad disponible.<\/p>\n<p>Navaja artesanal de acero al carbono, con cachas de cuerno de b\u00fafalo e incrustaciones de n\u00e1car. Guarda de lat\u00f3n labrado con l\u00e1ser. Incluye funda artesanal de cuero.<\/p>\n<p>Caja de almacenamiento artesanal compuesta de m\u00faltiples maderas.<\/p>\n","protected":false},"excerpt":{"rendered":"<p>Pieza \u00fanica. Navaja artesanal de acero al carbono, con cachas de cuerno de b\u00fafalo e incrustaciones de n\u00e1car. Guarda de lat\u00f3n labrado con l\u00e1ser. Incluye funda de cuero.<\/p>\n<p>Caja de almacenamiento artesanal compuesta de m\u00faltiples maderas.<\/p>\n","protected":false},"featured_media":238,"comment_status":"open","ping_status":"closed","template":"","meta":[],"product_brand":[],"product_cat":[45],"product_tag":[47,22,48,46],"class_list":{"0":"post-237","1":"product","2":"type-product","3":"status-publish","4":"has-post-thumbnail","6":"product_cat-navajas-artesanas","7":"product_tag-cuero","8":"product_tag-laser","9":"product_tag-madera","10":"product_tag-navaja","11":"pa_material-acero-al-carbono","12":"pa_material-cuerno-de-bufalo","13":"pa_material-cuero","14":"pa_material-laton-macizo","15":"pa_material-madera-natural","17":"first","18":"instock","19":"shipping-taxable","20":"purchasable","21":"product-type-simple"},"yoast_head":"<!-- This site is optimized with the Yoast SEO plugin v27.2 - https:\/\/yoast.com\/product\/yoast-seo-wordpress\/ -->\n<title>Navaja Mod. N\u00e1car - Artesan\u00eda Olmedo<\/title>\n<meta name=\"robots\" content=\"index, follow, max-snippet:-1, max-image-preview:large, max-video-preview:-1\" \/>\n<link rel=\"canonical\" href=\"https:\/\/artesaniaolmedo.com\/?product=navaja-mod-nacar\" \/>\n<script type=\"application\/ld+json\" class=\"yoast-schema-graph\">{\"@context\":\"https:\/\/schema.org\",\"@graph\":[{\"@type\":\"WebPage\",\"@id\":\"https:\/\/artesaniaolmedo.com\/?product=navaja-mod-nacar\",\"url\":\"https:\/\/artesaniaolmedo.com\/?product=navaja-mod-nacar\",\"name\":\"Navaja Mod. N\u00e1car - Artesan\u00eda Olmedo\",\"isPartOf\":{\"@id\":\"https:\/\/artesaniaolmedo.com\/#website\"},\"primaryImageOfPage\":{\"@id\":\"https:\/\/artesaniaolmedo.com\/?product=navaja-mod-nacar#primaryimage\"},\"image\":{\"@id\":\"https:\/\/artesaniaolmedo.com\/?product=navaja-mod-nacar#primaryimage\"},\"thumbnailUrl\":\"https:\/\/artesaniaolmedo.com\/wp-content\/uploads\/2025\/10\/1.jpg\",\"datePublished\":\"2025-10-26T19:54:14+00:00\",\"dateModified\":\"2025-11-13T23:08:18+00:00\",\"breadcrumb\":{\"@id\":\"https:\/\/artesaniaolmedo.com\/?product=navaja-mod-nacar#breadcrumb\"},\"inLanguage\":\"es\",\"potentialAction\":[{\"@type\":\"ReadAction\",\"target\":[\"https:\/\/artesaniaolmedo.com\/?product=navaja-mod-nacar\"]}]},{\"@type\":\"ImageObject\",\"inLanguage\":\"es\",\"@id\":\"https:\/\/artesaniaolmedo.com\/?product=navaja-mod-nacar#primaryimage\",\"url\":\"https:\/\/artesaniaolmedo.com\/wp-content\/uploads\/2025\/10\/1.jpg\",\"contentUrl\":\"https:\/\/artesaniaolmedo.com\/wp-content\/uploads\/2025\/10\/1.jpg\",\"width\":600,\"height\":600},{\"@type\":\"BreadcrumbList\",\"@id\":\"https:\/\/artesaniaolmedo.com\/?product=navaja-mod-nacar#breadcrumb\",\"itemListElement\":[{\"@type\":\"ListItem\",\"position\":1,\"name\":\"Portada\",\"item\":\"https:\/\/artesaniaolmedo.com\/\"},{\"@type\":\"ListItem\",\"position\":2,\"name\":\"Tienda\",\"item\":\"https:\/\/artesaniaolmedo.com\/?page_id=7\"},{\"@type\":\"ListItem\",\"position\":3,\"name\":\"Navaja Mod. N\u00e1car\"}]},{\"@type\":\"WebSite\",\"@id\":\"https:\/\/artesaniaolmedo.com\/#website\",\"url\":\"https:\/\/artesaniaolmedo.com\/\",\"name\":\"Artesan\u00eda Olmedo\",\"description\":\"\",\"publisher\":{\"@id\":\"https:\/\/artesaniaolmedo.com\/#organization\"},\"potentialAction\":[{\"@type\":\"SearchAction\",\"target\":{\"@type\":\"EntryPoint\",\"urlTemplate\":\"https:\/\/artesaniaolmedo.com\/?s={search_term_string}\"},\"query-input\":{\"@type\":\"PropertyValueSpecification\",\"valueRequired\":true,\"valueName\":\"search_term_string\"}}],\"inLanguage\":\"es\"},{\"@type\":\"Organization\",\"@id\":\"https:\/\/artesaniaolmedo.com\/#organization\",\"name\":\"Artesan\u00eda Olmedo\",\"url\":\"https:\/\/artesaniaolmedo.com\/\",\"logo\":{\"@type\":\"ImageObject\",\"inLanguage\":\"es\",\"@id\":\"https:\/\/artesaniaolmedo.com\/#\/schema\/logo\/image\/\",\"url\":\"http:\/\/artesaniaolmedo.com\/wp-content\/uploads\/2025\/11\/cropped-logo.png\",\"contentUrl\":\"http:\/\/artesaniaolmedo.com\/wp-content\/uploads\/2025\/11\/cropped-logo.png\",\"width\":512,\"height\":512,\"caption\":\"Artesan\u00eda Olmedo\"},\"image\":{\"@id\":\"https:\/\/artesaniaolmedo.com\/#\/schema\/logo\/image\/\"},\"sameAs\":[\"https:\/\/www.instagram.com\/artesaniaolmedo\/\",\"https:\/\/www.tiktok.com\/@artesaniaolmedo\"]}]}<\/script>\n<!-- \/ Yoast SEO plugin. -->","yoast_head_json":{"title":"Navaja Mod. N\u00e1car - Artesan\u00eda Olmedo","robots":{"index":"index","follow":"follow","max-snippet":"max-snippet:-1","max-image-preview":"max-image-preview:large","max-video-preview":"max-video-preview:-1"},"canonical":"https:\/\/artesaniaolmedo.com\/?product=navaja-mod-nacar","schema":{"@context":"https:\/\/schema.org","@graph":[{"@type":"WebPage","@id":"https:\/\/artesaniaolmedo.com\/?product=navaja-mod-nacar","url":"https:\/\/artesaniaolmedo.com\/?product=navaja-mod-nacar","name":"Navaja Mod. N\u00e1car - Artesan\u00eda Olmedo","isPartOf":{"@id":"https:\/\/artesaniaolmedo.com\/#website"},"primaryImageOfPage":{"@id":"https:\/\/artesaniaolmedo.com\/?product=navaja-mod-nacar#primaryimage"},"image":{"@id":"https:\/\/artesaniaolmedo.com\/?product=navaja-mod-nacar#primaryimage"},"thumbnailUrl":"https:\/\/artesaniaolmedo.com\/wp-content\/uploads\/2025\/10\/1.jpg","datePublished":"2025-10-26T19:54:14+00:00","dateModified":"2025-11-13T23:08:18+00:00","breadcrumb":{"@id":"https:\/\/artesaniaolmedo.com\/?product=navaja-mod-nacar#breadcrumb"},"inLanguage":"es","potentialAction":[{"@type":"ReadAction","target":["https:\/\/artesaniaolmedo.com\/?product=navaja-mod-nacar"]}]},{"@type":"ImageObject","inLanguage":"es","@id":"https:\/\/artesaniaolmedo.com\/?product=navaja-mod-nacar#primaryimage","url":"https:\/\/artesaniaolmedo.com\/wp-content\/uploads\/2025\/10\/1.jpg","contentUrl":"https:\/\/artesaniaolmedo.com\/wp-content\/uploads\/2025\/10\/1.jpg","width":600,"height":600},{"@type":"BreadcrumbList","@id":"https:\/\/artesaniaolmedo.com\/?product=navaja-mod-nacar#breadcrumb","itemListElement":[{"@type":"ListItem","position":1,"name":"Portada","item":"https:\/\/artesaniaolmedo.com\/"},{"@type":"ListItem","position":2,"name":"Tienda","item":"https:\/\/artesaniaolmedo.com\/?page_id=7"},{"@type":"ListItem","position":3,"name":"Navaja Mod. N\u00e1car"}]},{"@type":"WebSite","@id":"https:\/\/artesaniaolmedo.com\/#website","url":"https:\/\/artesaniaolmedo.com\/","name":"Artesan\u00eda Olmedo","description":"","publisher":{"@id":"https:\/\/artesaniaolmedo.com\/#organization"},"potentialAction":[{"@type":"SearchAction","target":{"@type":"EntryPoint","urlTemplate":"https:\/\/artesaniaolmedo.com\/?s={search_term_string}"},"query-input":{"@type":"PropertyValueSpecification","valueRequired":true,"valueName":"search_term_string"}}],"inLanguage":"es"},{"@type":"Organization","@id":"https:\/\/artesaniaolmedo.com\/#organization","name":"Artesan\u00eda Olmedo","url":"https:\/\/artesaniaolmedo.com\/","logo":{"@type":"ImageObject","inLanguage":"es","@id":"https:\/\/artesaniaolmedo.com\/#\/schema\/logo\/image\/","url":"http:\/\/artesaniaolmedo.com\/wp-content\/uploads\/2025\/11\/cropped-logo.png","contentUrl":"http:\/\/artesaniaolmedo.com\/wp-content\/uploads\/2025\/11\/cropped-logo.png","width":512,"height":512,"caption":"Artesan\u00eda Olmedo"},"image":{"@id":"https:\/\/artesaniaolmedo.com\/#\/schema\/logo\/image\/"},"sameAs":["https:\/\/www.instagram.com\/artesaniaolmedo\/","https:\/\/www.tiktok.com\/@artesaniaolmedo"]}]}},"_links":{"self":[{"href":"https:\/\/artesaniaolmedo.com\/index.php?rest_route=\/wp\/v2\/product\/237","targetHints":{"allow":["GET"]}}],"collection":[{"href":"https:\/\/artesaniaolmedo.com\/index.php?rest_route=\/wp\/v2\/product"}],"about":[{"href":"https:\/\/artesaniaolmedo.com\/index.php?rest_route=\/wp\/v2\/types\/product"}],"replies":[{"embeddable":true,"href":"https:\/\/artesaniaolmedo.com\/index.php?rest_route=%2Fwp%2Fv2%2Fcomments&post=237"}],"wp:featuredmedia":[{"embeddable":true,"href":"https:\/\/artesaniaolmedo.com\/index.php?rest_route=\/wp\/v2\/media\/238"}],"wp:attachment":[{"href":"https:\/\/artesaniaolmedo.com\/index.php?rest_route=%2Fwp%2Fv2%2Fmedia&parent=237"}],"wp:term":[{"taxonomy":"product_brand","embeddable":true,"href":"https:\/\/artesaniaolmedo.com\/index.php?rest_route=%2Fwp%2Fv2%2Fproduct_brand&post=237"},{"taxonomy":"product_cat","embeddable":true,"href":"https:\/\/artesaniaolmedo.com\/index.php?rest_route=%2Fwp%2Fv2%2Fproduct_cat&post=237"},{"taxonomy":"product_tag","embeddable":true,"href":"https:\/\/artesaniaolmedo.com\/index.php?rest_route=%2Fwp%2Fv2%2Fproduct_tag&post=237"}],"curies":[{"name":"wp","href":"https:\/\/api.w.org\/{rel}","templated":true}]}}