{"id":153,"date":"2025-10-26T04:02:21","date_gmt":"2025-10-26T02:02:21","guid":{"rendered":"https:\/\/artesaniaolmedo.com\/?post_type=product&#038;p=153"},"modified":"2025-11-24T20:39:26","modified_gmt":"2025-11-24T19:39:26","slug":"moneda-seres-queridos","status":"publish","type":"product","link":"https:\/\/artesaniaolmedo.com\/?product=moneda-seres-queridos","title":{"rendered":"Moneda Seres Queridos"},"content":{"rendered":"<p>Moneda con la imagen de tus seres queridos tallada a l\u00e1ser en relieve. Personalizable con frase en su anverso.<\/p>\n<p>Sorprende a alguien con un detalle muy especial, o ten un bonito recuerdo de una persona importante para ti.<\/p>\n<p>La imagen debe ser lo m\u00e1s clara posible, a ser posible un busto. Trasladar una foto a un tallado no es f\u00e1cil, mientras mejor sea la imagen, mejor ser\u00e1 el resultado.<\/p>\n","protected":false},"excerpt":{"rendered":"<p>Moneda con la imagen de tus seres queridos tallada a l\u00e1ser en relieve. Personalizable con frase en su anverso.<\/p>\n<p>Sorprende a alguien con un detalle muy especial, o ten un bonito recuerdo de una persona importante para ti.<\/p>\n","protected":false},"featured_media":164,"comment_status":"open","ping_status":"closed","template":"","meta":[],"product_brand":[],"product_cat":[26],"product_tag":[22,29],"class_list":{"0":"post-153","1":"product","2":"type-product","3":"status-publish","4":"has-post-thumbnail","6":"product_cat-monedas","7":"product_tag-laser","8":"product_tag-monedas","9":"pa_color-dorado","10":"pa_material-laton-macizo","12":"first","13":"onbackorder","14":"featured","15":"shipping-taxable","16":"purchasable","17":"product-type-simple"},"yoast_head":"<!-- This site is optimized with the Yoast SEO plugin v27.2 - https:\/\/yoast.com\/product\/yoast-seo-wordpress\/ -->\n<title>Moneda Seres Queridos - Artesan\u00eda Olmedo<\/title>\n<meta name=\"robots\" content=\"index, follow, max-snippet:-1, max-image-preview:large, max-video-preview:-1\" \/>\n<link rel=\"canonical\" href=\"https:\/\/artesaniaolmedo.com\/?product=moneda-seres-queridos\" \/>\n<script type=\"application\/ld+json\" class=\"yoast-schema-graph\">{\"@context\":\"https:\/\/schema.org\",\"@graph\":[{\"@type\":\"WebPage\",\"@id\":\"https:\/\/artesaniaolmedo.com\/?product=moneda-seres-queridos\",\"url\":\"https:\/\/artesaniaolmedo.com\/?product=moneda-seres-queridos\",\"name\":\"Moneda Seres Queridos - Artesan\u00eda Olmedo\",\"isPartOf\":{\"@id\":\"https:\/\/artesaniaolmedo.com\/#website\"},\"primaryImageOfPage\":{\"@id\":\"https:\/\/artesaniaolmedo.com\/?product=moneda-seres-queridos#primaryimage\"},\"image\":{\"@id\":\"https:\/\/artesaniaolmedo.com\/?product=moneda-seres-queridos#primaryimage\"},\"thumbnailUrl\":\"https:\/\/artesaniaolmedo.com\/wp-content\/uploads\/2025\/10\/madre.jpg\",\"datePublished\":\"2025-10-26T02:02:21+00:00\",\"dateModified\":\"2025-11-24T19:39:26+00:00\",\"breadcrumb\":{\"@id\":\"https:\/\/artesaniaolmedo.com\/?product=moneda-seres-queridos#breadcrumb\"},\"inLanguage\":\"es\",\"potentialAction\":[{\"@type\":\"ReadAction\",\"target\":[\"https:\/\/artesaniaolmedo.com\/?product=moneda-seres-queridos\"]}]},{\"@type\":\"ImageObject\",\"inLanguage\":\"es\",\"@id\":\"https:\/\/artesaniaolmedo.com\/?product=moneda-seres-queridos#primaryimage\",\"url\":\"https:\/\/artesaniaolmedo.com\/wp-content\/uploads\/2025\/10\/madre.jpg\",\"contentUrl\":\"https:\/\/artesaniaolmedo.com\/wp-content\/uploads\/2025\/10\/madre.jpg\",\"width\":600,\"height\":600},{\"@type\":\"BreadcrumbList\",\"@id\":\"https:\/\/artesaniaolmedo.com\/?product=moneda-seres-queridos#breadcrumb\",\"itemListElement\":[{\"@type\":\"ListItem\",\"position\":1,\"name\":\"Portada\",\"item\":\"https:\/\/artesaniaolmedo.com\/\"},{\"@type\":\"ListItem\",\"position\":2,\"name\":\"Tienda\",\"item\":\"https:\/\/artesaniaolmedo.com\/?page_id=7\"},{\"@type\":\"ListItem\",\"position\":3,\"name\":\"Moneda Seres Queridos\"}]},{\"@type\":\"WebSite\",\"@id\":\"https:\/\/artesaniaolmedo.com\/#website\",\"url\":\"https:\/\/artesaniaolmedo.com\/\",\"name\":\"Artesan\u00eda Olmedo\",\"description\":\"\",\"publisher\":{\"@id\":\"https:\/\/artesaniaolmedo.com\/#organization\"},\"potentialAction\":[{\"@type\":\"SearchAction\",\"target\":{\"@type\":\"EntryPoint\",\"urlTemplate\":\"https:\/\/artesaniaolmedo.com\/?s={search_term_string}\"},\"query-input\":{\"@type\":\"PropertyValueSpecification\",\"valueRequired\":true,\"valueName\":\"search_term_string\"}}],\"inLanguage\":\"es\"},{\"@type\":\"Organization\",\"@id\":\"https:\/\/artesaniaolmedo.com\/#organization\",\"name\":\"Artesan\u00eda Olmedo\",\"url\":\"https:\/\/artesaniaolmedo.com\/\",\"logo\":{\"@type\":\"ImageObject\",\"inLanguage\":\"es\",\"@id\":\"https:\/\/artesaniaolmedo.com\/#\/schema\/logo\/image\/\",\"url\":\"http:\/\/artesaniaolmedo.com\/wp-content\/uploads\/2025\/11\/cropped-logo.png\",\"contentUrl\":\"http:\/\/artesaniaolmedo.com\/wp-content\/uploads\/2025\/11\/cropped-logo.png\",\"width\":512,\"height\":512,\"caption\":\"Artesan\u00eda Olmedo\"},\"image\":{\"@id\":\"https:\/\/artesaniaolmedo.com\/#\/schema\/logo\/image\/\"},\"sameAs\":[\"https:\/\/www.instagram.com\/artesaniaolmedo\/\",\"https:\/\/www.tiktok.com\/@artesaniaolmedo\"]}]}<\/script>\n<!-- \/ Yoast SEO plugin. -->","yoast_head_json":{"title":"Moneda Seres Queridos - Artesan\u00eda Olmedo","robots":{"index":"index","follow":"follow","max-snippet":"max-snippet:-1","max-image-preview":"max-image-preview:large","max-video-preview":"max-video-preview:-1"},"canonical":"https:\/\/artesaniaolmedo.com\/?product=moneda-seres-queridos","schema":{"@context":"https:\/\/schema.org","@graph":[{"@type":"WebPage","@id":"https:\/\/artesaniaolmedo.com\/?product=moneda-seres-queridos","url":"https:\/\/artesaniaolmedo.com\/?product=moneda-seres-queridos","name":"Moneda Seres Queridos - Artesan\u00eda Olmedo","isPartOf":{"@id":"https:\/\/artesaniaolmedo.com\/#website"},"primaryImageOfPage":{"@id":"https:\/\/artesaniaolmedo.com\/?product=moneda-seres-queridos#primaryimage"},"image":{"@id":"https:\/\/artesaniaolmedo.com\/?product=moneda-seres-queridos#primaryimage"},"thumbnailUrl":"https:\/\/artesaniaolmedo.com\/wp-content\/uploads\/2025\/10\/madre.jpg","datePublished":"2025-10-26T02:02:21+00:00","dateModified":"2025-11-24T19:39:26+00:00","breadcrumb":{"@id":"https:\/\/artesaniaolmedo.com\/?product=moneda-seres-queridos#breadcrumb"},"inLanguage":"es","potentialAction":[{"@type":"ReadAction","target":["https:\/\/artesaniaolmedo.com\/?product=moneda-seres-queridos"]}]},{"@type":"ImageObject","inLanguage":"es","@id":"https:\/\/artesaniaolmedo.com\/?product=moneda-seres-queridos#primaryimage","url":"https:\/\/artesaniaolmedo.com\/wp-content\/uploads\/2025\/10\/madre.jpg","contentUrl":"https:\/\/artesaniaolmedo.com\/wp-content\/uploads\/2025\/10\/madre.jpg","width":600,"height":600},{"@type":"BreadcrumbList","@id":"https:\/\/artesaniaolmedo.com\/?product=moneda-seres-queridos#breadcrumb","itemListElement":[{"@type":"ListItem","position":1,"name":"Portada","item":"https:\/\/artesaniaolmedo.com\/"},{"@type":"ListItem","position":2,"name":"Tienda","item":"https:\/\/artesaniaolmedo.com\/?page_id=7"},{"@type":"ListItem","position":3,"name":"Moneda Seres Queridos"}]},{"@type":"WebSite","@id":"https:\/\/artesaniaolmedo.com\/#website","url":"https:\/\/artesaniaolmedo.com\/","name":"Artesan\u00eda Olmedo","description":"","publisher":{"@id":"https:\/\/artesaniaolmedo.com\/#organization"},"potentialAction":[{"@type":"SearchAction","target":{"@type":"EntryPoint","urlTemplate":"https:\/\/artesaniaolmedo.com\/?s={search_term_string}"},"query-input":{"@type":"PropertyValueSpecification","valueRequired":true,"valueName":"search_term_string"}}],"inLanguage":"es"},{"@type":"Organization","@id":"https:\/\/artesaniaolmedo.com\/#organization","name":"Artesan\u00eda Olmedo","url":"https:\/\/artesaniaolmedo.com\/","logo":{"@type":"ImageObject","inLanguage":"es","@id":"https:\/\/artesaniaolmedo.com\/#\/schema\/logo\/image\/","url":"http:\/\/artesaniaolmedo.com\/wp-content\/uploads\/2025\/11\/cropped-logo.png","contentUrl":"http:\/\/artesaniaolmedo.com\/wp-content\/uploads\/2025\/11\/cropped-logo.png","width":512,"height":512,"caption":"Artesan\u00eda Olmedo"},"image":{"@id":"https:\/\/artesaniaolmedo.com\/#\/schema\/logo\/image\/"},"sameAs":["https:\/\/www.instagram.com\/artesaniaolmedo\/","https:\/\/www.tiktok.com\/@artesaniaolmedo"]}]}},"_links":{"self":[{"href":"https:\/\/artesaniaolmedo.com\/index.php?rest_route=\/wp\/v2\/product\/153","targetHints":{"allow":["GET"]}}],"collection":[{"href":"https:\/\/artesaniaolmedo.com\/index.php?rest_route=\/wp\/v2\/product"}],"about":[{"href":"https:\/\/artesaniaolmedo.com\/index.php?rest_route=\/wp\/v2\/types\/product"}],"replies":[{"embeddable":true,"href":"https:\/\/artesaniaolmedo.com\/index.php?rest_route=%2Fwp%2Fv2%2Fcomments&post=153"}],"wp:featuredmedia":[{"embeddable":true,"href":"https:\/\/artesaniaolmedo.com\/index.php?rest_route=\/wp\/v2\/media\/164"}],"wp:attachment":[{"href":"https:\/\/artesaniaolmedo.com\/index.php?rest_route=%2Fwp%2Fv2%2Fmedia&parent=153"}],"wp:term":[{"taxonomy":"product_brand","embeddable":true,"href":"https:\/\/artesaniaolmedo.com\/index.php?rest_route=%2Fwp%2Fv2%2Fproduct_brand&post=153"},{"taxonomy":"product_cat","embeddable":true,"href":"https:\/\/artesaniaolmedo.com\/index.php?rest_route=%2Fwp%2Fv2%2Fproduct_cat&post=153"},{"taxonomy":"product_tag","embeddable":true,"href":"https:\/\/artesaniaolmedo.com\/index.php?rest_route=%2Fwp%2Fv2%2Fproduct_tag&post=153"}],"curies":[{"name":"wp","href":"https:\/\/api.w.org\/{rel}","templated":true}]}}